{"id":48,"date":"2010-02-07T11:08:22","date_gmt":"2010-02-07T10:08:22","guid":{"rendered":"http:\/\/www.u-porsch.de\/?page_id=48"},"modified":"2015-10-24T14:53:26","modified_gmt":"2015-10-24T13:53:26","slug":"48-2","status":"publish","type":"page","link":"https:\/\/www.u-porsch.de\/?page_id=48","title":{"rendered":"Was ist Psychotherapie?"},"content":{"rendered":"<p><em>\u201ePsychotherapie ist ein bewusster und geplanter interaktioneller Prozess zur Beeinflussung von Verhaltensst\u00f6rungen und Leidenszust\u00e4nden, die in einem Konsensus (m\u00f6glichst zwischen Patient, Therapeut und Bezugsgruppe) f\u00fcr behandlungsbed\u00fcrftig gehalten werden, mit psychologischen Mitteln (durch Kommunikation) meist verbal aber auch averbal, in Richtung auf ein definiertes, nach M\u00f6glichkeit gemeinsam erarbeitetes Ziel (Symptomminimalisierung und\/oder Struktur\u00e4nderung der Pers\u00f6nlichkeit) mittels lehrbarer Techniken auf der Basis einer Theorie des normalen und pathologischen Verhaltens.&#8220; (Strotzka und Becker, 1978, S. 4)<\/em><\/p>\n","protected":false},"excerpt":{"rendered":"<p>\u201ePsychotherapie ist ein bewusster und geplanter interaktioneller Prozess zur Beeinflussung von Verhaltensst\u00f6rungen und Leidenszust\u00e4nden, die in einem Konsensus (m\u00f6glichst zwischen Patient, Therapeut und Bezugsgruppe) f\u00fcr behandlungsbed\u00fcrftig gehalten werden, mit psychologischen&hellip; <\/p>\n","protected":false},"author":1,"featured_media":0,"parent":2,"menu_order":1,"comment_status":"closed","ping_status":"closed","template":"","meta":{"ngg_post_thumbnail":0},"_links":{"self":[{"href":"https:\/\/www.u-porsch.de\/index.php?rest_route=\/wp\/v2\/pages\/48"}],"collection":[{"href":"https:\/\/www.u-porsch.de\/index.php?rest_route=\/wp\/v2\/pages"}],"about":[{"href":"https:\/\/www.u-porsch.de\/index.php?rest_route=\/wp\/v2\/types\/page"}],"author":[{"embeddable":true,"href":"https:\/\/www.u-porsch.de\/index.php?rest_route=\/wp\/v2\/users\/1"}],"replies":[{"embeddable":true,"href":"https:\/\/www.u-porsch.de\/index.php?rest_route=%2Fwp%2Fv2%2Fcomments&post=48"}],"version-history":[{"count":11,"href":"https:\/\/www.u-porsch.de\/index.php?rest_route=\/wp\/v2\/pages\/48\/revisions"}],"predecessor-version":[{"id":426,"href":"https:\/\/www.u-porsch.de\/index.php?rest_route=\/wp\/v2\/pages\/48\/revisions\/426"}],"up":[{"embeddable":true,"href":"https:\/\/www.u-porsch.de\/index.php?rest_route=\/wp\/v2\/pages\/2"}],"wp:attachment":[{"href":"https:\/\/www.u-porsch.de\/index.php?rest_route=%2Fwp%2Fv2%2Fmedia&parent=48"}],"curies":[{"name":"wp","href":"https:\/\/api.w.org\/{rel}","templated":true}]}}